{"id":146,"date":"2019-09-30T12:33:00","date_gmt":"2019-09-30T10:33:00","guid":{"rendered":"http:\/\/leopoldcartoux.fr\/?page_id=146"},"modified":"2019-10-11T09:53:59","modified_gmt":"2019-10-11T07:53:59","slug":"nos-services","status":"publish","type":"page","link":"http:\/\/leopoldcartoux.fr\/index.php\/nos-services\/","title":{"rendered":"Nos services"},"content":{"rendered":"<h1>NOS SERVICES<\/h1>\n<p>L&rsquo;\u00e9tablissement est compos\u00e9 de 3 niveaux (accessibles par 2 ascenseurs et les escaliers), d\u00e9cor\u00e9s r\u00e9cemment sur des th\u00e9matiques li\u00e9es \u00e0 notre belle Provence :<\/p>\n<ul>\n<li>Le Rez de Chauss\u00e9e (Vieux Rose) : \u00ab\u00a0Le pays d&rsquo;Aix\u00a0\u00bb<\/li>\n<li>Le 1er \u00e9tage (Bleu) : \u00ab\u00a0Les Calanques\u00a0\u00bb<\/li>\n<li>Le 2d \u00e9tage (Orange) : \u00ab\u00a0Le Colorado Proven\u00e7al\u00a0\u00bb<\/li>\n<\/ul>\n<h2>Les Chambres<\/h2>\n<p>Les chambres sont meubl\u00e9es par l\u2019\u00e9tablissement, et sont \u00e9quip\u00e9es d\u2019un cabinet de toilette avec lavabo, WC et douche. Elles disposent d\u2019une prise TV, t\u00e9l\u00e9phonique et Internet. Chaque chambre est un espace de vie privatif et personnel. Ainsi, les r\u00e9sidents sont invit\u00e9s \u00e0 la personnaliser afin que ce soit un lieu chaleureux et familier en apportant des petits meubles (fauteuil, chevet, commode\u2026), bibelots, tableaux, photos\u2026, (ceci devant toutefois rester compatible avec la surface disponible de la chambre, l\u2019\u00e9tat de d\u00e9pendance de la personne et les contraintes li\u00e9es \u00e0 la s\u00e9curit\u00e9).<\/p>\n<p>Toutes les chambres et les espaces communs sont nettoy\u00e9s quotidiennement.<br \/>\nLe service technique est \u00e0 disposition pour toutes r\u00e9parations diverses et pour l\u2019am\u00e9nagement des chambres.<\/p>\n<h2>\nLe linge<\/h2>\n<p>Le linge personnel peut \u00eatre entretenu par l\u2019\u00e9tablissement (\u00e0 l\u2019exception du linge d\u00e9licat). Le ramassage est effectu\u00e9 quotidiennement et est remis en mains propres ou dans l\u2019armoire tous les deux jours. Cette prestation est incluse dans le tarif h\u00e9bergement. Pour cela, le linge doit \u00eatre marqu\u00e9 par vos soins. Le change des draps intervient une fois par semaine \u00e0 minima.<\/p>\n<h2>La Restauration<\/h2>\n<p>L\u2019ensemble des repas est pr\u00e9par\u00e9 sur place par l\u2019\u00e9quipe de restauration de l\u2019Etablissement, compos\u00e9e d\u2019un chef cuisinier et de deux cuisiniers.<br \/>\nLa nutrition est un \u00e9l\u00e9ment cl\u00e9 de notre Projet d\u2019Etablissement. Proposer des plats savoureux, faits \u00ab\u00a0maison\u00a0\u00bb, avec des produits locaux et de saison, adapt\u00e9s aux personnes \u00e2g\u00e9es est notre objectif principal et quotidien.<br \/>\nNos menus classiques sont d\u00e9clin\u00e9s en textures adapt\u00e9es (hach\u00e9, mix\u00e9, \u00ab\u00a0manger-mains\u00a0\u00bb). Des repas \u00e0 th\u00e8me sont organis\u00e9s chaque mois avec des animations sp\u00e9cifiques.<br \/>\nLa r\u00e9sidence dispose d\u2019une salle de restauration conviviale et climatis\u00e9e pouvant accueillir 86 r\u00e9sidents.<br \/>\nLe d\u00e9jeuner et le diner sont pris collectivement en salle de restauration, tandis que le petit d\u00e9jeuner est pr\u00e9par\u00e9 et servi directement en chambre<\/p>\n<p>L\u2019\u00e9tablissement est engag\u00e9 dans un projet national port\u00e9 par la FNAQPA et l\u2019ADEME\u00a0: La Maison Gourmande et Responsable dont l\u2019objectif est de nous aider \u00e0 luter contre la d\u00e9nutrition (fr\u00e9quente chez la personne \u00e2g\u00e9e) et contre le gaspillage alimentaire.<\/p>\n","protected":false},"excerpt":{"rendered":"<p>NOS SERVICES L&rsquo;\u00e9tablissement est compos\u00e9 de 3 niveaux (accessibles par 2 ascenseurs et les escaliers), d\u00e9cor\u00e9s r\u00e9cemment sur des th\u00e9matiques li\u00e9es \u00e0 notre belle Provence : Le Rez de Chauss\u00e9e (Vieux Rose) : \u00ab\u00a0Le pays d&rsquo;Aix\u00a0\u00bb Le 1er \u00e9tage (Bleu) : \u00ab\u00a0Les Calanques\u00a0\u00bb Le 2d \u00e9tage (Orange) : \u00ab\u00a0Le Colorado Proven\u00e7al\u00a0\u00bb Les Chambres Les chambres<\/p>\n<p class=\"more-link\"><a href=\"http:\/\/leopoldcartoux.fr\/index.php\/nos-services\/\" class=\"themebutton2\">Read More<\/a><\/p>\n","protected":false},"author":1,"featured_media":0,"parent":0,"menu_order":0,"comment_status":"closed","ping_status":"closed","template":"","meta":{"footnotes":""},"categories":[],"tags":[],"_links":{"self":[{"href":"http:\/\/leopoldcartoux.fr\/index.php\/wp-json\/wp\/v2\/pages\/146"}],"collection":[{"href":"http:\/\/leopoldcartoux.fr\/index.php\/wp-json\/wp\/v2\/pages"}],"about":[{"href":"http:\/\/leopoldcartoux.fr\/index.php\/wp-json\/wp\/v2\/types\/page"}],"author":[{"embeddable":true,"href":"http:\/\/leopoldcartoux.fr\/index.php\/wp-json\/wp\/v2\/users\/1"}],"replies":[{"embeddable":true,"href":"http:\/\/leopoldcartoux.fr\/index.php\/wp-json\/wp\/v2\/comments?post=146"}],"version-history":[{"count":2,"href":"http:\/\/leopoldcartoux.fr\/index.php\/wp-json\/wp\/v2\/pages\/146\/revisions"}],"predecessor-version":[{"id":176,"href":"http:\/\/leopoldcartoux.fr\/index.php\/wp-json\/wp\/v2\/pages\/146\/revisions\/176"}],"wp:attachment":[{"href":"http:\/\/leopoldcartoux.fr\/index.php\/wp-json\/wp\/v2\/media?parent=146"}],"wp:term":[{"taxonomy":"category","embeddable":true,"href":"http:\/\/leopoldcartoux.fr\/index.php\/wp-json\/wp\/v2\/categories?post=146"},{"taxonomy":"post_tag","embeddable":true,"href":"http:\/\/leopoldcartoux.fr\/index.php\/wp-json\/wp\/v2\/tags?post=146"}],"curies":[{"name":"wp","href":"https:\/\/api.w.org\/{rel}","templated":true}]}}