{"id":17,"date":"2019-03-19T14:14:36","date_gmt":"2019-03-19T13:14:36","guid":{"rendered":"http:\/\/leopoldcartoux.fr\/?page_id=17"},"modified":"2019-10-15T09:50:03","modified_gmt":"2019-10-15T07:50:03","slug":"animation-et-vie-sociale","status":"publish","type":"page","link":"http:\/\/leopoldcartoux.fr\/index.php\/animation-et-vie-sociale\/","title":{"rendered":"ANIMATION ET VIE SOCIALE"},"content":{"rendered":"\n<p><\/p>\n\n\n\n<div class=\"wp-block-image\"><figure class=\"aligncenter\"><img decoding=\"async\" loading=\"lazy\" width=\"1024\" height=\"576\" src=\"http:\/\/leopoldcartoux.fr\/wp-content\/uploads\/2019\/03\/Sans-titre-1-1024x576.jpg\" alt=\"\" class=\"wp-image-57\" srcset=\"http:\/\/leopoldcartoux.fr\/wp-content\/uploads\/2019\/03\/Sans-titre-1-1024x576.jpg 1024w, http:\/\/leopoldcartoux.fr\/wp-content\/uploads\/2019\/03\/Sans-titre-1-300x169.jpg 300w, http:\/\/leopoldcartoux.fr\/wp-content\/uploads\/2019\/03\/Sans-titre-1-768x432.jpg 768w, http:\/\/leopoldcartoux.fr\/wp-content\/uploads\/2019\/03\/Sans-titre-1-500x281.jpg 500w, http:\/\/leopoldcartoux.fr\/wp-content\/uploads\/2019\/03\/Sans-titre-1.jpg 1920w\" sizes=\"(max-width: 1024px) 100vw, 1024px\" \/><\/figure><\/div>\n\n\n\n<p>L&rsquo;animateur vous propose en semaine diff\u00e9rentes animations telles que la lecture du journal, des ateliers manuels, de la cuisine, des conf\u00e9rences \u00e0 th\u00e8mes&#8230;<\/p>\n\n\n\n<p>Nos deux v\u00e9hicules (un Mini-bus acc\u00e8s \u00e0 mobilit\u00e9 r\u00e9duite et un v\u00e9hicule l\u00e9ger) nous permettent de vous accompagner lors des sorties au restaurant, \u00e0 la plage, au cin\u00e9ma, au march\u00e9, au Bowling, \u00e0 la p\u00eache, participer \u00e0 des rencontres Inter-EHPAD&#8230;<\/p>\n\n\n\n<p>Nous faisons appel \u00e0 des professeurs en Activit\u00e9 Physique Adapt\u00e9e (APA), ces activit\u00e9s sportives vous sont prescrites en fonction de vos besoins.&nbsp;<br><\/p>\n\n\n\n<p>Le planning hebdomadaire des animations est affich\u00e9 \u00e0 l&rsquo;entr\u00e9e de chaque \u00e9tage, dans l&rsquo;ascenseur et dans le hall d&rsquo;accueil.<\/p>\n\n\n\n<p><strong>Commission animation<\/strong><\/p>\n\n\n\n<p>Cette commission est pilot\u00e9e par l\u2019animateur et organis\u00e9e une fois par trimestre. C\u2019est un temps d\u2019\u00e9change qui vous permet de vous exprimer sur l\u2019organisation des animations et l\u2019\u00e9valuation des pr\u00e9c\u00e9dentes.&nbsp;<\/p>\n\n\n\n<h3 class=\"wp-block-heading\">Culte<\/h3>\n\n\n\n<p>Une fois par mois, une messe est c\u00e9l\u00e9br\u00e9e.<\/p>\n\n\n\n<p>Pour les r\u00e9sidents d\u2019autres confessions religieuses, l\u2019animateur peut vous amener r\u00e9guli\u00e8rement sur d\u2019autres lieux de cultes \u00e0 Aix-en-Provence.<\/p>\n\n\n\n<h3 class=\"wp-block-heading\">Conseil de la Vie Sociale<\/h3>\n\n\n\n<p>LeConseildelaVieSocialeestunlieud\u2019\u00e9change,d\u2019expression etd\u2019\u00e9coutepourl\u2019ensembledesr\u00e9sidents.Ilser\u00e9unitaumoins troisfoisparanetdonnesonavissurl\u2019ensembledesd\u00e9cisions concernant le fonctionnementinstitutionnel.<\/p>\n\n\n\n<p>Pour toute question sur le CVS, vous pouvez vous adresser \u00e0 :<\/p>\n\n\n\n<h3 class=\"wp-block-heading\">B\u00e9n\u00e9voles<\/h3>\n\n\n\n<p>La participation de b\u00e9n\u00e9voles est toujours bienvenue au sein de la R\u00e9sidence.<\/p>\n\n\n\n<p><strong>F\u00eate des familles<\/strong><\/p>\n\n\n\n<p>Lors des beaux jours en d\u00e9but d\u2019\u00e9t\u00e9, nous organisons une f\u00eate pour vos proches autour d\u2019un grand barbecue et anim\u00e9 par un spectacle l\u2019apr\u00e8s-midi.&nbsp;<\/p>\n\n\n\n<p><strong>Th\u00e9rapie non m\u00e9dicamenteuse<\/strong>&nbsp;&nbsp;&nbsp;&nbsp;&nbsp;&nbsp;&nbsp;&nbsp;&nbsp;&nbsp;&nbsp;&nbsp;&nbsp;&nbsp;&nbsp;&nbsp;&nbsp;&nbsp;&nbsp;&nbsp;&nbsp;&nbsp;&nbsp;&nbsp;&nbsp;&nbsp;&nbsp;&nbsp;&nbsp;&nbsp;&nbsp;&nbsp;&nbsp;&nbsp;&nbsp;&nbsp;&nbsp;&nbsp;&nbsp;&nbsp;&nbsp;&nbsp;&nbsp;&nbsp;&nbsp;&nbsp;&nbsp;&nbsp;&nbsp;&nbsp;&nbsp;&nbsp;<\/p>\n\n\n\n<p>Afin d&rsquo;\u00e9viter le recours aux m\u00e9dicaments, nous mettons en place la th\u00e9rapie non m\u00e9dicamenteuse.<\/p>\n\n\n\n<p>Celle-ci se base sur des activit\u00e9s telles que la Zooth\u00e9rapie (m\u00e9diation animale), l&rsquo;intervention des Clowns de<\/p>\n\n\n\n\n\n<p>L\u2019accompagnement, la mise \u00e0 disposition de la salle Harmonie, des s\u00e9ances d\u2019hypnose par la psychologue\u2026<\/p>\n\n\n<h3>\n\t\t\t\t\tCeci est le titre<br>\n\t\t\t\t<\/h3>\n<p>Cliquez sur le bouton modifier pour changer ce texte. Lorem ipsum dolor sit amet, consectetur adipiscing elit. Ut elit tellus, luctus nec ullamcorper mattis, pulvinar dapibus leo.<\/p>","protected":false},"excerpt":{"rendered":"<p>L&rsquo;animateur vous propose en semaine diff\u00e9rentes animations telles que la lecture du journal, des ateliers manuels, de la cuisine, des conf\u00e9rences \u00e0 th\u00e8mes&#8230; Nos deux v\u00e9hicules (un Mini-bus acc\u00e8s \u00e0 mobilit\u00e9 r\u00e9duite et un v\u00e9hicule l\u00e9ger) nous permettent de vous accompagner lors des sorties au restaurant, \u00e0 la plage, au cin\u00e9ma, au march\u00e9, au Bowling,<\/p>\n<p class=\"more-link\"><a href=\"http:\/\/leopoldcartoux.fr\/index.php\/animation-et-vie-sociale\/\" class=\"themebutton2\">Read More<\/a><\/p>\n","protected":false},"author":1,"featured_media":0,"parent":0,"menu_order":0,"comment_status":"closed","ping_status":"closed","template":"","meta":{"footnotes":""},"categories":[],"tags":[],"_links":{"self":[{"href":"http:\/\/leopoldcartoux.fr\/index.php\/wp-json\/wp\/v2\/pages\/17"}],"collection":[{"href":"http:\/\/leopoldcartoux.fr\/index.php\/wp-json\/wp\/v2\/pages"}],"about":[{"href":"http:\/\/leopoldcartoux.fr\/index.php\/wp-json\/wp\/v2\/types\/page"}],"author":[{"embeddable":true,"href":"http:\/\/leopoldcartoux.fr\/index.php\/wp-json\/wp\/v2\/users\/1"}],"replies":[{"embeddable":true,"href":"http:\/\/leopoldcartoux.fr\/index.php\/wp-json\/wp\/v2\/comments?post=17"}],"version-history":[{"count":6,"href":"http:\/\/leopoldcartoux.fr\/index.php\/wp-json\/wp\/v2\/pages\/17\/revisions"}],"predecessor-version":[{"id":94,"href":"http:\/\/leopoldcartoux.fr\/index.php\/wp-json\/wp\/v2\/pages\/17\/revisions\/94"}],"wp:attachment":[{"href":"http:\/\/leopoldcartoux.fr\/index.php\/wp-json\/wp\/v2\/media?parent=17"}],"wp:term":[{"taxonomy":"category","embeddable":true,"href":"http:\/\/leopoldcartoux.fr\/index.php\/wp-json\/wp\/v2\/categories?post=17"},{"taxonomy":"post_tag","embeddable":true,"href":"http:\/\/leopoldcartoux.fr\/index.php\/wp-json\/wp\/v2\/tags?post=17"}],"curies":[{"name":"wp","href":"https:\/\/api.w.org\/{rel}","templated":true}]}}