{"id":60,"date":"2019-03-19T14:48:23","date_gmt":"2019-03-19T13:48:23","guid":{"rendered":"http:\/\/leopoldcartoux.fr\/?page_id=60"},"modified":"2019-10-02T13:05:04","modified_gmt":"2019-10-02T11:05:04","slug":"accueil","status":"publish","type":"page","link":"http:\/\/leopoldcartoux.fr\/","title":{"rendered":"Accueil"},"content":{"rendered":"\n<p><strong>SITE EN CONSTRUCTION<\/strong><\/p>\n\n\n\n<div class=\"wp-block-image\"><figure class=\"aligncenter\"><img decoding=\"async\" loading=\"lazy\" width=\"1024\" height=\"680\" src=\"http:\/\/leopoldcartoux.fr\/wp-content\/uploads\/2019\/04\/DSC_0985-1024x680.jpg\" alt=\"\" class=\"wp-image-108\" srcset=\"http:\/\/leopoldcartoux.fr\/wp-content\/uploads\/2019\/04\/DSC_0985-1024x680.jpg 1024w, http:\/\/leopoldcartoux.fr\/wp-content\/uploads\/2019\/04\/DSC_0985-300x199.jpg 300w, http:\/\/leopoldcartoux.fr\/wp-content\/uploads\/2019\/04\/DSC_0985-768x510.jpg 768w\" sizes=\"(max-width: 1024px) 100vw, 1024px\" \/><\/figure><\/div>\n\n\n\n<p>Situ\u00e9e dans la communaut\u00e9 d\u2019Aix en Provence, \u00e0 2 km du centre historique de la ville, la R\u00e9sidence L\u00e9opold Cartoux est une maison de retraite m\u00e9dicalis\u00e9e priv\u00e9e \u00e0 but non-lucratif (EHPAD, \u00e9tablissement d\u2019h\u00e9bergement pour personnes \u00e2g\u00e9es d\u00e9pendantes) ouverte en 1998, habilit\u00e9e 100% aide sociale. Elle accueille et prend en charge 86 personnes \u00e2g\u00e9es valides ou en perte d\u2019autonomie.<\/p>\n","protected":false},"excerpt":{"rendered":"<p>SITE EN CONSTRUCTION Situ\u00e9e dans la communaut\u00e9 d\u2019Aix en Provence, \u00e0 2 km du centre historique de la ville, la R\u00e9sidence L\u00e9opold Cartoux est une maison de retraite m\u00e9dicalis\u00e9e priv\u00e9e \u00e0 but non-lucratif (EHPAD, \u00e9tablissement d\u2019h\u00e9bergement pour personnes \u00e2g\u00e9es d\u00e9pendantes) ouverte en 1998, habilit\u00e9e 100% aide sociale. Elle accueille et prend en charge 86 personnes<\/p>\n<p class=\"more-link\"><a href=\"http:\/\/leopoldcartoux.fr\/\" class=\"themebutton2\">Read More<\/a><\/p>\n","protected":false},"author":1,"featured_media":0,"parent":0,"menu_order":0,"comment_status":"closed","ping_status":"closed","template":"","meta":{"footnotes":""},"categories":[],"tags":[],"_links":{"self":[{"href":"http:\/\/leopoldcartoux.fr\/index.php\/wp-json\/wp\/v2\/pages\/60"}],"collection":[{"href":"http:\/\/leopoldcartoux.fr\/index.php\/wp-json\/wp\/v2\/pages"}],"about":[{"href":"http:\/\/leopoldcartoux.fr\/index.php\/wp-json\/wp\/v2\/types\/page"}],"author":[{"embeddable":true,"href":"http:\/\/leopoldcartoux.fr\/index.php\/wp-json\/wp\/v2\/users\/1"}],"replies":[{"embeddable":true,"href":"http:\/\/leopoldcartoux.fr\/index.php\/wp-json\/wp\/v2\/comments?post=60"}],"version-history":[{"count":9,"href":"http:\/\/leopoldcartoux.fr\/index.php\/wp-json\/wp\/v2\/pages\/60\/revisions"}],"predecessor-version":[{"id":172,"href":"http:\/\/leopoldcartoux.fr\/index.php\/wp-json\/wp\/v2\/pages\/60\/revisions\/172"}],"wp:attachment":[{"href":"http:\/\/leopoldcartoux.fr\/index.php\/wp-json\/wp\/v2\/media?parent=60"}],"wp:term":[{"taxonomy":"category","embeddable":true,"href":"http:\/\/leopoldcartoux.fr\/index.php\/wp-json\/wp\/v2\/categories?post=60"},{"taxonomy":"post_tag","embeddable":true,"href":"http:\/\/leopoldcartoux.fr\/index.php\/wp-json\/wp\/v2\/tags?post=60"}],"curies":[{"name":"wp","href":"https:\/\/api.w.org\/{rel}","templated":true}]}}